{"id":1646,"date":"2024-04-23T17:53:23","date_gmt":"2024-04-23T16:53:23","guid":{"rendered":"https:\/\/labellevoix.org\/?page_id=1646"},"modified":"2024-05-01T05:23:40","modified_gmt":"2024-05-01T04:23:40","slug":"labcarte-quantum","status":"publish","type":"page","link":"https:\/\/labellevoix.org\/?page_id=1646","title":{"rendered":"carte quantique, lien boutique, description"},"content":{"rendered":"<p>&#8211; lien boutique(strong): http:\/carolineheisch.quantumlifestyle.com\/   pour vous affilier et commander les hologrammes et la carte<br \/>\n&#8211; lien  pour s affilier a travers ma boutique:<\/p>\n<p>&#8212;&#8212;&#8212;&#8212;&#8212;&#8212;&#8212;&#8212;&#8212;&#8212;&#8212;&#8212;&#8212;&#8212;&#8212;&#8212;&#8212;&#8212;&#8212;&#8212;&#8212;&#8212;&#8212;&#8212;&#8212;&#8212;&#8212;&#8212;&#8212;&#8212;&#8212;&#8212;&#8212;&#8212;&#8212;&#8212;<\/p>\n<p>Voici les \u00e9tapes \u00e0 suivre :(Strong)<\/p>\n<p>1. Regarder la vid\u00e9o explicative pour l inscription, disponible ici ? https:\/\/drive.<br \/>\ngoogle.com\/file\/d\/1S-IrK0rCaTmULCYNSrcXruQDgNScd0Z0\/view?usp=drivesdk<\/p>\n<p>(Mon identifiant <\/p>\n<p>Danssesoleil2@  <\/p>\n<p>6438<br \/>\n?? Je vous conseille de visionner la vid\u00e9o sur un t\u00e9l\u00e9phone pendant que vous vous inscrivez sur un ordinateur.<br \/>\nRestez en anglais pour l inscription.<\/p>\n<p>2. Commencer votre inscription via le lien suivant: http:\/\/carolineheisch.quantumlifestyle.com\/<\/p>\n<p>3. Pour b\u00e9n\u00e9ficier des tarifs les plus avantageux, il est n\u00e9cessaire de s\u2019inscrire dans l\u2019onglet \u00ab\u00a0OPPORTUNIT\u00c9\u00a0\u00bb, puis de s\u00e9lectionner \u00ab\u00a0ADH\u00c9RER MAINTENANT\u00a0\u00bb4<\/p>\n<p>&#8212;&#8212;&#8212;&#8212;&#8212;&#8212;&#8212;&#8212;&#8212;&#8212;&#8212;&#8212;&#8212;&#8212;&#8212;&#8212;&#8212;&#8212;&#8212;&#8212;&#8212;&#8212;&#8212;&#8212;&#8212;&#8212;&#8212;&#8212;&#8212;&#8212;&#8212;&#8212;&#8212;&#8212;&#8212;&#8212;&#8212;&#8212;&#8212;-<br \/>\nles bienfaits de la carte (strong)<br \/>\nCarte et bienfais<\/p>\n<p>La carte d&rsquo;\u00e9nergie quantique<\/p>\n<p>La carte d&rsquo;\u00e9nergie quantique est une carte unique en fibre de carbone (format carte de cr\u00e9dit). Elle est con\u00e7ue pour \u00eatre transport\u00e9e dans votre poche, votre sac \u00e0 main ou avec un cordon. Elle est infus\u00e9e de fr\u00e9quences v\u00e9g\u00e9tales et terrestres r\u00e9sonantes qui vous procureront un sentiment de bien-\u00eatre et d&rsquo;\u00e9quilibre. D\u00e9couvrez \u00e9galement la diff\u00e9rence de go\u00fbt des aliments et des boissons avec l&rsquo;utilisation de la carte d&rsquo;\u00e9nergie quantique. Vous pouvez \u00e9galement vous faire des auto-soins ainsi qu&rsquo;\u00e0 votre entourage et vos animaux afin que tout le monde puisse b\u00e9n\u00e9ficier des effets des fr\u00e9quences sans porter la carte sur soi.<\/p>\n<p>Je vous souhaite une bonne d\u00e9couverte quantique ?<\/p>\n<p>&#8212;&#8212;&#8212;&#8212;&#8212;&#8212;&#8212;&#8212;&#8212;&#8212;&#8212;&#8212;&#8212;&#8212;&#8212;&#8212;&#8212;&#8212;&#8212;&#8212;&#8212;&#8212;&#8212;&#8212;&#8212;&#8212;&#8212;&#8212;&#8212;&#8212;&#8212;&#8212;&#8212;&#8212;&#8212;&#8212;&#8212;&#8212;&#8212;-<br \/>\nquelques liens board<br \/>\nhttps:\/\/boards.com\/a\/ecJOMl.Frf7FH<br \/>\nhttps:\/\/boards.com\/a\/ecJOMl.CU3ICe<br \/>\nhttps:\/\/boards.com\/a\/ecJOMl.CU3ICe<br \/>\nhttps:\/\/boards.com\/a\/ecJOMl.vQMduQ<br \/>\n??-?&#8212;?&#8212;&#8212;&#8212;-?&#8212;&#8212;&#8212;&#8212;&#8212;&#8212;&#8212;-?&#8211;<\/p>\n<p>Liens board<br \/>\nhttps:\/\/boards.com\/a\/z06RF.Frf7FH<\/p>\n<p>Comment devenir affili\u00e9<\/p>\n<p>https:\/\/boards.com\/a\/z06RF.Frf7FH<\/p>\n<p>Temoignages:<\/p>\n<p>?&#8212;?&#8212;<\/p>\n<p>La carte quantique et les hologrammes d&rsquo;auto-acupression quantiques<br \/>\nMerci de votre int\u00e9r\u00eat pour les produits quantiques. ?<br \/>\nLa physique quantique<br \/>\nDepuis des milliers d\u2019ann\u00e9es, des g\u00e9n\u00e9rations ont adopt\u00e9 et b\u00e9n\u00e9fici\u00e9 de l\u2019art ancien de l\u2019acupuncture.\u00a0D\u00e9sormais, vous aussi pouvez profiter des bienfaits de cette pratique ancienne sans l\u2019insertion invasive d\u2019aiguilles. Si vous recherchez une alternative aux m\u00e9dicaments, potions, lotions ou\u00a0\u00a0s\u00e9ances\u00a0co\u00fbteuses et fastidieuses , nos\u00a0\u00a0\u00ab\u00a0Kits d&rsquo;acupression \u00e0 faire soi-m\u00eame\u00a0\u00bb\u00a0\u00a0peuvent \u00eatre ce que vous recherchez. L&rsquo;utilisation de la m\u00e9canique quantique de pointe ainsi que de nos hologrammes exclusifs infus\u00e9s quantiques, appel\u00e9s Quantagrams\u2122, peuvent prendre en charge les r\u00e9sultats souhait\u00e9s que vous recherchez. Sans produits chimiques, s\u00fbr, abordable et si facile \u00e0 utiliser que vous serez \u00e9tonn\u00e9 des r\u00e9sultats.<br \/>\nKits d&rsquo;acupression<br \/>\nL&rsquo;acupression et la th\u00e9rapie d&rsquo;acupuncture ont \u00e9t\u00e9 recommand\u00e9es pour soulager l&rsquo;inconfort et pour la r\u00e9cup\u00e9ration rapide de probl\u00e8mes de sant\u00e9 depuis des milliers d&rsquo;ann\u00e9es. Il existe un produit unique appel\u00e9 QuantaGram\u2122. Ce produit est un autocollant holographique jetable, unique, non invasif. Les kits contiennent 36 hologrammes jetables ainsi que les instructions de placement des points d&rsquo;acupression. Vous pouvez utiliser, apprendre et exp\u00e9rimenter l&rsquo;acupression en suivant les points indiqu\u00e9s \u00e0 l&rsquo;int\u00e9rieur de ces kits. Les kits d&rsquo;acupression QuantaGram\u2122 a \u00e9t\u00e9 con\u00e7us pour \u00eatre un moyen non invasif, s\u00fbr et efficace d&rsquo;apprendre notre m\u00e9thode d&rsquo;acupression \u00e0 faire soi-m\u00eame\u00a0\u00bb \u00e0 la maison. Ceci peut aider \u00e0 faciliter la communication \u00e9nerg\u00e9tique via les m\u00e9ridiens, favorisant l&rsquo;harmonie et l&rsquo;\u00e9quilibre du corps. L&rsquo;acupression aide \u00e9galement la capacit\u00e9 du corps \u00e0 se nettoyer, s&rsquo;\u00e9quilibrer et se consolider.<br \/>\nLa carte d&rsquo;\u00e9nergie quantique<br \/>\nLa carte d&rsquo;\u00e9nergie quantique est une carte unique en fibre de carbone (format carte de cr\u00e9dit). Elle est con\u00e7ue pour \u00eatre transport\u00e9e dans votre poche, votre sac \u00e0 main ou avec un cordon. Elle est infus\u00e9e de fr\u00e9quences v\u00e9g\u00e9tales et terrestres r\u00e9sonantes qui vous procureront un sentiment de bien-\u00eatre et d&rsquo;\u00e9quilibre. D\u00e9couvrez \u00e9galement la diff\u00e9rence de go\u00fbt des aliments et des boissons avec l&rsquo;utilisation de la carte d&rsquo;\u00e9nergie quantique. Vous pouvez \u00e9galement vous faire des auto-soins ainsi qu&rsquo;\u00e0 votre entourage et vos animaux afin que tout le monde puisse b\u00e9n\u00e9ficier des effets des fr\u00e9quences sans porter la carte sur soi.<br \/>\nJe vous souhaite une bonne d\u00e9couverte quantique ?<br \/>\nBrochure des produits et points des m\u00e9ridiens<br \/>\n?<br \/>\nBrochure et point me?ridiens<br \/>\nPr\u00e9sentation globale des produits<br \/>\n?<br \/>\nquantum lifestyle pre?s globale produits FR comple?te<br \/>\nR\u00e9capitulatif des diff\u00e9rents hologrammes<br \/>\n?<br \/>\nFiches MEMO des effets complets de chaque produit FR (1)<br \/>\nVid\u00e9os pr\u00e9sentation hologrammes ?<br \/>\nVid\u00e9o pr\u00e9sentation carte quantique ?<br \/>\nTests d&rsquo;ancrage ?<br \/>\nTest \u00e0 distance<br \/>\nTest \u00e0 l aveugle aliment ?<br \/>\nTest hologramme avec l&rsquo;eau ?<br \/>\nOuvrir dans\u00a0<\/p>\n","protected":false},"excerpt":{"rendered":"<p>&#8211; lien boutique(strong): http:\/carolineheisch.quantumlifestyle.com\/ pour vous affilier et commander les hologrammes et la carte &#8211; lien pour s affilier a travers ma boutique: &#8212;&#8212;&#8212;&#8212;&#8212;&#8212;&#8212;&#8212;&#8212;&#8212;&#8212;&#8212;&#8212;&#8212;&#8212;&#8212;&#8212;&#8212;&#8212;&#8212;&#8212;&#8212;&#8212;&#8212;&#8212;&#8212;&#8212;&#8212;&#8212;&#8212;&#8212;&#8212;&#8212;&#8212;&#8212;&#8212; Voici les \u00e9tapes \u00e0 suivre :(Strong) 1. Regarder la vid\u00e9o explicative pour l inscription, disponible ici ? https:\/\/drive. google.com\/file\/d\/1S-IrK0rCaTmULCYNSrcXruQDgNScd0Z0\/view?usp=drivesdk (Mon identifiant Danssesoleil2@ 6438 ?? Je vous conseille de visionner la vid\u00e9o [&hellip;]<\/p>\n","protected":false},"author":1,"featured_media":0,"parent":0,"menu_order":0,"comment_status":"closed","ping_status":"closed","template":"","meta":{"footnotes":""},"class_list":["post-1646","page","type-page","status-publish","hentry"],"_links":{"self":[{"href":"https:\/\/labellevoix.org\/index.php?rest_route=\/wp\/v2\/pages\/1646","targetHints":{"allow":["GET"]}}],"collection":[{"href":"https:\/\/labellevoix.org\/index.php?rest_route=\/wp\/v2\/pages"}],"about":[{"href":"https:\/\/labellevoix.org\/index.php?rest_route=\/wp\/v2\/types\/page"}],"author":[{"embeddable":true,"href":"https:\/\/labellevoix.org\/index.php?rest_route=\/wp\/v2\/users\/1"}],"replies":[{"embeddable":true,"href":"https:\/\/labellevoix.org\/index.php?rest_route=%2Fwp%2Fv2%2Fcomments&post=1646"}],"version-history":[{"count":6,"href":"https:\/\/labellevoix.org\/index.php?rest_route=\/wp\/v2\/pages\/1646\/revisions"}],"predecessor-version":[{"id":1704,"href":"https:\/\/labellevoix.org\/index.php?rest_route=\/wp\/v2\/pages\/1646\/revisions\/1704"}],"wp:attachment":[{"href":"https:\/\/labellevoix.org\/index.php?rest_route=%2Fwp%2Fv2%2Fmedia&parent=1646"}],"curies":[{"name":"wp","href":"https:\/\/api.w.org\/{rel}","templated":true}]}}